{"id":13101,"date":"2023-02-01T17:23:31","date_gmt":"2023-02-01T16:23:31","guid":{"rendered":"https:\/\/www.belleprovenceminibusdeluxe.com\/?page_id=13101"},"modified":"2025-07-07T18:48:12","modified_gmt":"2025-07-07T16:48:12","slug":"partners-2","status":"publish","type":"page","link":"https:\/\/www.belleprovenceminibusdeluxe.com\/en\/partners-2\/","title":{"rendered":"Partners"},"content":{"rendered":"<p>[et_pb_section fb_built=\u00a0\u00bb1&Prime; admin_label=\u00a0\u00bbHeader\u00a0\u00bb _builder_version=\u00a0\u00bb4.27.2&Prime; _module_preset=\u00a0\u00bbdefault\u00a0\u00bb use_background_color_gradient=\u00a0\u00bbon\u00a0\u00bb background_color_gradient_stops=\u00a0\u00bbgcid-02132a14-0aa3-45af-abdc-389c29b58c23 20%|rgba(38,54,78,0.7) 100%\u00a0\u00bb background_color_gradient_overlays_image=\u00a0\u00bbon\u00a0\u00bb background_image=\u00a0\u00bbhttps:\/\/www.belleprovenceminibusdeluxe.com\/wp-content\/uploads\/2024\/11\/Photo-cassis-panneau-indicateur.jpg\u00a0\u00bb custom_padding=\u00a0\u00bb12%||12%||true|false\u00a0\u00bb collapsed=\u00a0\u00bbon\u00a0\u00bb global_colors_info=\u00a0\u00bb{%22gcid-02132a14-0aa3-45af-abdc-389c29b58c23%22:%91%22background_color%22%93}\u00a0\u00bb][et_pb_row _builder_version=\u00a0\u00bb4.18.0&Prime; _module_preset=\u00a0\u00bbdefault\u00a0\u00bb global_colors_info=\u00a0\u00bb{}\u00a0\u00bb][et_pb_column type=\u00a0\u00bb4_4&Prime; _builder_version=\u00a0\u00bb4.18.0&Prime; _module_preset=\u00a0\u00bbdefault\u00a0\u00bb global_colors_info=\u00a0\u00bb{}\u00a0\u00bb][et_pb_text _builder_version=\u00a0\u00bb4.27.2&Prime; _module_preset=\u00a0\u00bbc16985e1-e0d6-4022-964d-e2bfc04fa633&Prime; header_font=\u00a0\u00bb||||||||\u00a0\u00bb header_text_align=\u00a0\u00bbleft\u00a0\u00bb header_2_font=\u00a0\u00bb&#8211;et_global_heading_font||||||||\u00a0\u00bb header_2_text_align=\u00a0\u00bbleft\u00a0\u00bb header_2_letter_spacing=\u00a0\u00bb6px\u00a0\u00bb background_layout=\u00a0\u00bbdark\u00a0\u00bb header_font_size_tablet=\u00a0\u00bb20px\u00a0\u00bb global_colors_info=\u00a0\u00bb{}\u00a0\u00bb header_font_size=\u00a0\u00bb40px\u00a0\u00bb header_font_size_phone=\u00a0\u00bb18px\u00a0\u00bb header_font_size_last_edited=\u00a0\u00bbon|phone\u00a0\u00bb header_2_font_size=\u00a0\u00bb20px\u00a0\u00bb header_2_line_height=\u00a0\u00bb1.4em\u00a0\u00bb custom_margin_phone=\u00a0\u00bb30px||10px||false|false\u00a0\u00bb custom_margin_last_edited=\u00a0\u00bbon|phone\u00a0\u00bb]<\/p>\n<h1>Some long-standing partners<\/h1>\n<h2>OUR PARTNERS<\/h2>\n<p>[\/et_pb_text][et_pb_button button_url=\u00a0\u00bbtel:+33491337409&Prime; button_text=\u00a0\u00bb+33 (0) 491 337 409&Prime; _builder_version=\u00a0\u00bb4.27.2&Prime; _module_preset=\u00a0\u00bb31b4f027-aaa0-4f2f-ae02-959764e19e4f\u00a0\u00bb custom_button=\u00a0\u00bbon\u00a0\u00bb button_text_color=\u00a0\u00bb#FFFFFF\u00a0\u00bb button_bg_color=\u00a0\u00bb#d0a73f\u00a0\u00bb button_border_width=\u00a0\u00bb0px\u00a0\u00bb button_border_radius=\u00a0\u00bb0px\u00a0\u00bb button_font=\u00a0\u00bbPoppins|500|||||||\u00a0\u00bb custom_padding=\u00a0\u00bb12px|30px|12px|30px|true|true\u00a0\u00bb button_text_size_tablet=\u00a0\u00bb18px\u00a0\u00bb button_text_size_phone=\u00a0\u00bb16px\u00a0\u00bb button_text_size_last_edited=\u00a0\u00bbon|phone\u00a0\u00bb global_colors_info=\u00a0\u00bb{}\u00a0\u00bb][\/et_pb_button][\/et_pb_column][\/et_pb_row][\/et_pb_section][et_pb_section fb_built=\u00a0\u00bb1&Prime; admin_label=\u00a0\u00bbCall to Action\u00a0\u00bb _builder_version=\u00a0\u00bb4.18.0&Prime; _module_preset=\u00a0\u00bbdefault\u00a0\u00bb locked=\u00a0\u00bboff\u00a0\u00bb collapsed=\u00a0\u00bbon\u00a0\u00bb global_colors_info=\u00a0\u00bb{}\u00a0\u00bb][et_pb_row column_structure=\u00a0\u00bb1_3,1_3,1_3&Prime; use_custom_gutter=\u00a0\u00bbon\u00a0\u00bb gutter_width=\u00a0\u00bb2&Prime; make_equal=\u00a0\u00bbon\u00a0\u00bb module_id=\u00a0\u00bbavis1&Prime; _builder_version=\u00a0\u00bb4.27.2&Prime; _module_preset=\u00a0\u00bbdefault\u00a0\u00bb global_colors_info=\u00a0\u00bb{}\u00a0\u00bb][et_pb_column type=\u00a0\u00bb1_3&Prime; _builder_version=\u00a0\u00bb4.18.0&Prime; _module_preset=\u00a0\u00bbdefault\u00a0\u00bb custom_padding=\u00a0\u00bb8%||8%||true|false\u00a0\u00bb border_color_all=\u00a0\u00bbgcid-e010f2a6-5bcc-4cbf-902a-b2f60822625a\u00a0\u00bb border_width_top=\u00a0\u00bb2px\u00a0\u00bb border_width_bottom=\u00a0\u00bb2px\u00a0\u00bb global_colors_info=\u00a0\u00bb{%22gcid-e010f2a6-5bcc-4cbf-902a-b2f60822625a%22:%91%22border_color_all%22%93}\u00a0\u00bb][et_pb_image src=\u00a0\u00bbhttps:\/\/www.belleprovenceminibusdeluxe.com\/wp-content\/uploads\/2021\/12\/LOGO-OFFICE-TOURISME-.jpg\u00a0\u00bb alt=\u00a0\u00bbPARTENARIAT OFFICE DE TOURISME ET DES CONGRES DE MARSEILLE\u00a0\u00bb title_text=\u00a0\u00bbPARTENARIAT OFFICE DE TOURISME  ET DES CONGRES DE MARSEILLE\u00a0\u00bb align=\u00a0\u00bbcenter\u00a0\u00bb _builder_version=\u00a0\u00bb4.27.2&Prime; _module_preset=\u00a0\u00bbdefault\u00a0\u00bb module_alignment=\u00a0\u00bbcenter\u00a0\u00bb height=\u00a0\u00bb120px\u00a0\u00bb custom_margin=\u00a0\u00bb||||false|true\u00a0\u00bb global_colors_info=\u00a0\u00bb{}\u00a0\u00bb][\/et_pb_image][et_pb_text _builder_version=\u00a0\u00bb4.27.2&Prime; _module_preset=\u00a0\u00bbdefault\u00a0\u00bb global_colors_info=\u00a0\u00bb{}\u00a0\u00bb]<\/p>\n<p>Marseille Convention and Visitors Bureau<\/p>\n<p>[\/et_pb_text][et_pb_image src=\u00a0\u00bbhttps:\/\/www.belleprovenceminibusdeluxe.com\/wp-content\/uploads\/2021\/12\/Domaine-mas-de-rey-logo.png\u00a0\u00bb alt=\u00a0\u00bbDomaine viticole D\u00e9gustation de vin en Camargue\u00a0\u00bb title_text=\u00a0\u00bbDomaine viticole D\u00e9gustation de vin en Camargue\u00a0\u00bb align=\u00a0\u00bbcenter\u00a0\u00bb _builder_version=\u00a0\u00bb4.27.2&Prime; _module_preset=\u00a0\u00bbdefault\u00a0\u00bb module_alignment=\u00a0\u00bbcenter\u00a0\u00bb height=\u00a0\u00bb120px\u00a0\u00bb custom_margin=\u00a0\u00bb60px||||false|true\u00a0\u00bb global_colors_info=\u00a0\u00bb{}\u00a0\u00bb][\/et_pb_image][et_pb_text _builder_version=\u00a0\u00bb4.27.2&Prime; _module_preset=\u00a0\u00bbdefault\u00a0\u00bb global_colors_info=\u00a0\u00bb{}\u00a0\u00bb]<\/p>\n<p>Domaine Mas de Rey - Camargue\u00a0<\/p>\n<p>[\/et_pb_text][\/et_pb_column][et_pb_column type=\u00a0\u00bb1_3&Prime; _builder_version=\u00a0\u00bb4.18.0&Prime; _module_preset=\u00a0\u00bbdefault\u00a0\u00bb custom_padding=\u00a0\u00bb8%||8%||true|false\u00a0\u00bb border_color_all=\u00a0\u00bbgcid-e010f2a6-5bcc-4cbf-902a-b2f60822625a\u00a0\u00bb border_width_top=\u00a0\u00bb2px\u00a0\u00bb border_width_bottom=\u00a0\u00bb2px\u00a0\u00bb global_colors_info=\u00a0\u00bb{%22gcid-e010f2a6-5bcc-4cbf-902a-b2f60822625a%22:%91%22border_color_all%22%93}\u00a0\u00bb][et_pb_image src=\u00a0\u00bbhttps:\/\/www.belleprovenceminibusdeluxe.com\/wp-content\/uploads\/2021\/12\/Logo-PROVENCE-TOURISME-2021.png\u00a0\u00bb alt=\u00a0\u00bbPROVENCE TOURISME\u00a0\u00bb title_text=\u00a0\u00bbPROVENCE TOURISME\u00a0\u00bb align=\u00a0\u00bbcenter\u00a0\u00bb _builder_version=\u00a0\u00bb4.27.2&Prime; _module_preset=\u00a0\u00bbdefault\u00a0\u00bb module_alignment=\u00a0\u00bbcenter\u00a0\u00bb height=\u00a0\u00bb80px\u00a0\u00bb custom_margin=\u00a0\u00bb||||false|true\u00a0\u00bb custom_padding=\u00a0\u00bb20px||20px||true|false\u00a0\u00bb global_colors_info=\u00a0\u00bb{}\u00a0\u00bb][\/et_pb_image][et_pb_text _builder_version=\u00a0\u00bb4.27.2&Prime; _module_preset=\u00a0\u00bbdefault\u00a0\u00bb global_colors_info=\u00a0\u00bb{}\u00a0\u00bb]<\/p>\n<p>Bouches du Rh\u00f4ne Departmental Tourist Agency<\/p>\n<p>[\/et_pb_text][et_pb_image src=\u00a0\u00bbhttps:\/\/www.belleprovenceminibusdeluxe.com\/wp-content\/uploads\/2021\/12\/Bastide-de-Toursainte-a-Marseille-accueillant-des-mariages-avatar_blanc.jpg\u00a0\u00bb alt=\u00a0\u00bbBastide de Toursainte \u00e0 Marseille accueillant des mariages\u00a0\u00bb title_text=\u00a0\u00bbBastide de Toursainte  \u00e0 Marseille accueillant des mariages\u00a0\u00bb align=\u00a0\u00bbcenter\u00a0\u00bb _builder_version=\u00a0\u00bb4.27.2&Prime; _module_preset=\u00a0\u00bbdefault\u00a0\u00bb module_alignment=\u00a0\u00bbcenter\u00a0\u00bb height=\u00a0\u00bb120px\u00a0\u00bb custom_margin=\u00a0\u00bb36px||||false|true\u00a0\u00bb global_colors_info=\u00a0\u00bb{}\u00a0\u00bb][\/et_pb_image][et_pb_text _builder_version=\u00a0\u00bb4.27.2&Prime; _module_preset=\u00a0\u00bbdefault\u00a0\u00bb global_colors_info=\u00a0\u00bb{}\u00a0\u00bb]<\/p>\n<p>Bastide of Toursainte<\/p>\n<p>[\/et_pb_text][\/et_pb_column][et_pb_column type=\u00a0\u00bb1_3&Prime; _builder_version=\u00a0\u00bb4.18.0&Prime; _module_preset=\u00a0\u00bbdefault\u00a0\u00bb custom_padding=\u00a0\u00bb8%||8%||true|false\u00a0\u00bb border_color_all=\u00a0\u00bbgcid-e010f2a6-5bcc-4cbf-902a-b2f60822625a\u00a0\u00bb border_width_top=\u00a0\u00bb2px\u00a0\u00bb border_width_bottom=\u00a0\u00bb2px\u00a0\u00bb global_colors_info=\u00a0\u00bb{%22gcid-e010f2a6-5bcc-4cbf-902a-b2f60822625a%22:%91%22border_color_all%22%93}\u00a0\u00bb][et_pb_image src=\u00a0\u00bbhttps:\/\/www.belleprovenceminibusdeluxe.com\/wp-content\/uploads\/2021\/12\/Logo-Alpilles-Provence-.jpg\u00a0\u00bb alt=\u00a0\u00bbOffice de Tourisme ALPILLES PROVENCE\u00a0\u00bb title_text=\u00a0\u00bbOffice de Tourisme ALPILLES PROVENCE\u00a0\u00bb align=\u00a0\u00bbcenter\u00a0\u00bb _builder_version=\u00a0\u00bb4.27.2&Prime; _module_preset=\u00a0\u00bbdefault\u00a0\u00bb module_alignment=\u00a0\u00bbcenter\u00a0\u00bb height=\u00a0\u00bb120px\u00a0\u00bb custom_margin=\u00a0\u00bb||||false|true\u00a0\u00bb global_colors_info=\u00a0\u00bb{}\u00a0\u00bb][\/et_pb_image][et_pb_text _builder_version=\u00a0\u00bb4.27.2&Prime; _module_preset=\u00a0\u00bbdefault\u00a0\u00bb global_colors_info=\u00a0\u00bb{}\u00a0\u00bb]<\/p>\n<p>Bouches du Rh\u00f4ne Departmental Tourist Agency<\/p>\n<p>[\/et_pb_text][et_pb_image src=\u00a0\u00bbhttps:\/\/www.belleprovenceminibusdeluxe.com\/wp-content\/uploads\/2021\/12\/logo_Provence_Guide_Interprete_Tourisme_Marseille.png\u00a0\u00bb alt=\u00a0\u00bbProvence_Guide_Interprete_Tourisme_Marseille\u00a0\u00bb title_text=\u00a0\u00bbProvence_Guide_Interprete_Tourisme_Marseille\u00a0\u00bb align=\u00a0\u00bbcenter\u00a0\u00bb _builder_version=\u00a0\u00bb4.27.2&Prime; _module_preset=\u00a0\u00bbdefault\u00a0\u00bb module_alignment=\u00a0\u00bbcenter\u00a0\u00bb height=\u00a0\u00bb120px\u00a0\u00bb custom_margin=\u00a0\u00bb36px||||false|true\u00a0\u00bb global_colors_info=\u00a0\u00bb{}\u00a0\u00bb][\/et_pb_image][et_pb_text _builder_version=\u00a0\u00bb4.27.2&Prime; _module_preset=\u00a0\u00bbdefault\u00a0\u00bb global_colors_info=\u00a0\u00bb{}\u00a0\u00bb]<\/p>\n<p>Provence Guide Interpreter Tourism Marseille<\/p>\n<p>[\/et_pb_text][\/et_pb_column][\/et_pb_row][\/et_pb_section]<\/p>","protected":false},"excerpt":{"rendered":"<p>Quelques partenaires de longue date NOS PARTENAIRESOffice de Tourisme et des Congr\u00e8s de MarseilleDomaine Mas de Rey &#8211; Camargue\u00a0Agence D\u00e9partementale du Tourisme des Bouches du Rh\u00f4neBastide de ToursainteAgence D\u00e9partementale du Tourisme des Bouches du Rh\u00f4neProvence Guide Interpr\u00e8te Tourisme Marseille<\/p>","protected":false},"author":1,"featured_media":7761,"parent":0,"menu_order":0,"comment_status":"closed","ping_status":"closed","template":"","meta":{"_seopress_robots_primary_cat":"","_seopress_titles_title":"Provence guide visite r\u00e9gion 13 %%sep%% %%sitename%%","_seopress_titles_desc":"Belle provence mini bus de luxe situ\u00e9e \u00e0 Marseille vous propose une visite guid\u00e9e de la r\u00e9gion 13 provence et ses environs","_seopress_robots_index":"","_et_pb_use_builder":"on","_et_pb_old_content":"<h3>Quelques partenaires de longue date<\/h3>\n<h1>NOS PARTENAIRES<\/h1>\n<h6>A votre disposition avec plaisir !<\/h6>\n<h3>+33(0) 491 337 409<\/h3>\n<img src=\"https:\/\/www.belleprovenceminibusdeluxe.com\/wp-content\/uploads\/2021\/12\/LOGO-OFFICE-TOURISME-.jpg\" alt=\"PARTENARIAT OFFICE DE TOURISME ET DES CONGRES DE MARSEILLE\" loading=\"lazy\" srcset=\"https:\/\/www.belleprovenceminibusdeluxe.com\/wp-content\/uploads\/2021\/12\/LOGO-OFFICE-TOURISME-.jpg 1299w, https:\/\/www.belleprovenceminibusdeluxe.com\/wp-content\/uploads\/2021\/12\/LOGO-OFFICE-TOURISME--300x143.jpg 300w, https:\/\/www.belleprovenceminibusdeluxe.com\/wp-content\/uploads\/2021\/12\/LOGO-OFFICE-TOURISME--1024x489.jpg 1024w, https:\/\/www.belleprovenceminibusdeluxe.com\/wp-content\/uploads\/2021\/12\/LOGO-OFFICE-TOURISME--768x367.jpg 768w\" sizes=\"(max-width: 1299px) 100vw, 1299px\" width=\"1299\" height=\"620\">\n<h6>Office de Tourisme et des Congr\u00e8s de Marseille<\/h6>\n<img src=\"https:\/\/www.belleprovenceminibusdeluxe.com\/wp-content\/uploads\/2021\/12\/Logo-PROVENCE-TOURISME-2021.png\" alt=\"PROVENCE TOURISME\" loading=\"lazy\" srcset=\"https:\/\/www.belleprovenceminibusdeluxe.com\/wp-content\/uploads\/2021\/12\/Logo-PROVENCE-TOURISME-2021.png 1780w, https:\/\/www.belleprovenceminibusdeluxe.com\/wp-content\/uploads\/2021\/12\/Logo-PROVENCE-TOURISME-2021-300x105.png 300w, https:\/\/www.belleprovenceminibusdeluxe.com\/wp-content\/uploads\/2021\/12\/Logo-PROVENCE-TOURISME-2021-1024x358.png 1024w, https:\/\/www.belleprovenceminibusdeluxe.com\/wp-content\/uploads\/2021\/12\/Logo-PROVENCE-TOURISME-2021-768x268.png 768w, https:\/\/www.belleprovenceminibusdeluxe.com\/wp-content\/uploads\/2021\/12\/Logo-PROVENCE-TOURISME-2021-1536x537.png 1536w\" sizes=\"(max-width: 1780px) 100vw, 1780px\" width=\"1780\" height=\"622\">\n<h6>Agence D\u00e9partementale du Tourisme des Bouches du Rh\u00f4ne<\/h6>\n<img src=\"https:\/\/www.belleprovenceminibusdeluxe.com\/wp-content\/uploads\/2021\/12\/Logo-Alpilles-Provence-.jpg\" alt=\"Office de Tourisme ALPILLES PROVENCE\" loading=\"lazy\" width=\"250\" height=\"202\">\n<h6>Agence D\u00e9partementale du Tourisme des Bouches du Rh\u00f4ne<\/h6>\n<img src=\"https:\/\/www.belleprovenceminibusdeluxe.com\/wp-content\/uploads\/2021\/12\/Domaine-mas-de-rey-logo.png\" alt=\"Domaine viticole D\u00e9gustation de vin en Camargue\" loading=\"lazy\" width=\"163\" height=\"150\">\n<h6>Domaine Mas de Rey - Camargue<\/h6>\n<img src=\"https:\/\/www.belleprovenceminibusdeluxe.com\/wp-content\/uploads\/2021\/12\/Bastide-de-Toursainte-a-Marseille-accueillant-des-mariages-avatar_blanc.jpg\" alt=\"Bastide de Toursainte \u00e0 Marseille accueillant des mariages\" loading=\"lazy\" srcset=\"https:\/\/www.belleprovenceminibusdeluxe.com\/wp-content\/uploads\/2021\/12\/Bastide-de-Toursainte-a-Marseille-accueillant-des-mariages-avatar_blanc.jpg 169w, https:\/\/www.belleprovenceminibusdeluxe.com\/wp-content\/uploads\/2021\/12\/Bastide-de-Toursainte-a-Marseille-accueillant-des-mariages-avatar_blanc-150x150.jpg 150w\" sizes=\"(max-width: 169px) 100vw, 169px\" width=\"169\" height=\"169\">\n<h6>Bastide de Toursainte<\/h6>\n<img src=\"https:\/\/www.belleprovenceminibusdeluxe.com\/wp-content\/uploads\/2021\/12\/logo_Provence_Guide_Interprete_Tourisme_Marseille.png\" alt=\"Provence_Guide_Interprete_Tourisme_Marseille\" loading=\"lazy\" width=\"243\" height=\"90\">\n<h6>Provence Guide Interpr\u00e8te Tourisme Marseille<\/h6>\n<p style=\"text-align: center;\"><em>Il vous manque des informations sur notre nouveau site internet ? N'h\u00e9sitez pas \u00e0 revenir vers nous et \u00e0 nous en faire part.<\/em>&nbsp;<\/p>\n<p style=\"text-align: center;\"><\/p>","_et_gb_content_width":"","footnotes":""},"class_list":["post-13101","page","type-page","status-publish","has-post-thumbnail","hentry"],"_links":{"self":[{"href":"https:\/\/www.belleprovenceminibusdeluxe.com\/en\/wp-json\/wp\/v2\/pages\/13101","targetHints":{"allow":["GET"]}}],"collection":[{"href":"https:\/\/www.belleprovenceminibusdeluxe.com\/en\/wp-json\/wp\/v2\/pages"}],"about":[{"href":"https:\/\/www.belleprovenceminibusdeluxe.com\/en\/wp-json\/wp\/v2\/types\/page"}],"author":[{"embeddable":true,"href":"https:\/\/www.belleprovenceminibusdeluxe.com\/en\/wp-json\/wp\/v2\/users\/1"}],"replies":[{"embeddable":true,"href":"https:\/\/www.belleprovenceminibusdeluxe.com\/en\/wp-json\/wp\/v2\/comments?post=13101"}],"version-history":[{"count":0,"href":"https:\/\/www.belleprovenceminibusdeluxe.com\/en\/wp-json\/wp\/v2\/pages\/13101\/revisions"}],"wp:featuredmedia":[{"embeddable":true,"href":"https:\/\/www.belleprovenceminibusdeluxe.com\/en\/wp-json\/wp\/v2\/media\/7761"}],"wp:attachment":[{"href":"https:\/\/www.belleprovenceminibusdeluxe.com\/en\/wp-json\/wp\/v2\/media?parent=13101"}],"curies":[{"name":"wp","href":"https:\/\/api.w.org\/{rel}","templated":true}]}}