{"id":13131,"date":"2023-02-01T20:00:00","date_gmt":"2023-02-01T19:00:00","guid":{"rendered":"https:\/\/www.belleprovenceminibusdeluxe.com\/?page_id=13131"},"modified":"2025-12-04T11:38:47","modified_gmt":"2025-12-04T10:38:47","slug":"drivers-for-children-travelling-alone","status":"publish","type":"page","link":"https:\/\/www.belleprovenceminibusdeluxe.com\/en\/drivers-for-children-travelling-alone\/","title":{"rendered":"Child Travelling Alone"},"content":{"rendered":"<p>[et_pb_section fb_built=\u00a0\u00bb1&Prime; admin_label=\u00a0\u00bbHeader\u00a0\u00bb _builder_version=\u00a0\u00bb4.27.2&Prime; _module_preset=\u00a0\u00bbdefault\u00a0\u00bb use_background_color_gradient=\u00a0\u00bbon\u00a0\u00bb background_color_gradient_stops=\u00a0\u00bbgcid-02132a14-0aa3-45af-abdc-389c29b58c23 20%|rgba(38,54,78,0.7) 100%\u00a0\u00bb background_color_gradient_overlays_image=\u00a0\u00bbon\u00a0\u00bb background_image=\u00a0\u00bbhttps:\/\/www.belleprovenceminibusdeluxe.com\/wp-content\/uploads\/2021\/11\/MERCEDES-vito-vip-noir-9-places-devant-le-theatre-de-la-joliette-300&#215;203.jpg\u00a0\u00bb custom_padding=\u00a0\u00bb12%||12%||true|false\u00a0\u00bb collapsed=\u00a0\u00bbon\u00a0\u00bb global_colors_info=\u00a0\u00bb{%22gcid-02132a14-0aa3-45af-abdc-389c29b58c23%22:%91%22background_color%22%93}\u00a0\u00bb][et_pb_row _builder_version=\u00a0\u00bb4.18.0&Prime; _module_preset=\u00a0\u00bbdefault\u00a0\u00bb global_colors_info=\u00a0\u00bb{}\u00a0\u00bb][et_pb_column type=\u00a0\u00bb4_4&Prime; _builder_version=\u00a0\u00bb4.18.0&Prime; _module_preset=\u00a0\u00bbdefault\u00a0\u00bb global_colors_info=\u00a0\u00bb{}\u00a0\u00bb][et_pb_text _builder_version=\u00a0\u00bb4.27.4&Prime; _module_preset=\u00a0\u00bbc16985e1-e0d6-4022-964d-e2bfc04fa633&Prime; header_font=\u00a0\u00bb||||||||\u00a0\u00bb header_text_align=\u00a0\u00bbleft\u00a0\u00bb header_font_size=\u00a0\u00bb40px\u00a0\u00bb header_2_font=\u00a0\u00bb&#8211;et_global_heading_font||||||||\u00a0\u00bb header_2_text_align=\u00a0\u00bbleft\u00a0\u00bb header_2_font_size=\u00a0\u00bb20px\u00a0\u00bb header_2_letter_spacing=\u00a0\u00bb6px\u00a0\u00bb header_2_line_height=\u00a0\u00bb1.4em\u00a0\u00bb background_layout=\u00a0\u00bbdark\u00a0\u00bb custom_margin_tablet=\u00a0\u00bb\u00a0\u00bb custom_margin_phone=\u00a0\u00bb30px||10px||false|false\u00a0\u00bb custom_margin_last_edited=\u00a0\u00bbon|phone\u00a0\u00bb header_font_size_tablet=\u00a0\u00bb20px\u00a0\u00bb header_font_size_phone=\u00a0\u00bb18px\u00a0\u00bb header_font_size_last_edited=\u00a0\u00bbon|phone\u00a0\u00bb global_colors_info=\u00a0\u00bb{}\u00a0\u00bb]<\/p>\n<h1>Private chauffeur for children travelling alone in Marseille and Provence<\/h1>\n<h2 data-start=\"258\" data-end=\"315\">your children travel with us, in complete confidence and safety<\/h2>\n<p data-start=\"317\" data-end=\"645\">[\/et_pb_text][et_pb_button button_url=\u00a0\u00bbtel:+33491337409&Prime; button_text=\u00a0\u00bb+33 (0) 491 337 409&Prime; _builder_version=\u00a0\u00bb4.27.2&Prime; _module_preset=\u00a0\u00bb31b4f027-aaa0-4f2f-ae02-959764e19e4f\u00a0\u00bb custom_button=\u00a0\u00bbon\u00a0\u00bb button_text_color=\u00a0\u00bb#FFFFFF\u00a0\u00bb button_bg_color=\u00a0\u00bb#d0a73f\u00a0\u00bb button_border_width=\u00a0\u00bb0px\u00a0\u00bb button_border_radius=\u00a0\u00bb0px\u00a0\u00bb button_font=\u00a0\u00bbPoppins|500|||||||\u00a0\u00bb custom_padding=\u00a0\u00bb12px|30px|12px|30px|true|true\u00a0\u00bb button_text_size_tablet=\u00a0\u00bb18px\u00a0\u00bb button_text_size_phone=\u00a0\u00bb16px\u00a0\u00bb button_text_size_last_edited=\u00a0\u00bbon|phone\u00a0\u00bb global_colors_info=\u00a0\u00bb{}\u00a0\u00bb][\/et_pb_button][\/et_pb_column][\/et_pb_row][\/et_pb_section][et_pb_section fb_built=\u00a0\u00bb1&Prime; _builder_version=\u00a0\u00bb4.27.2&Prime; _module_preset=\u00a0\u00bbdefault\u00a0\u00bb background_color=\u00a0\u00bb#FBF5EC\u00a0\u00bb global_colors_info=\u00a0\u00bb{}\u00a0\u00bb][et_pb_row _builder_version=\u00a0\u00bb4.27.2&Prime; _module_preset=\u00a0\u00bbdefault\u00a0\u00bb global_colors_info=\u00a0\u00bb{}\u00a0\u00bb][et_pb_column type=\u00a0\u00bb4_4&Prime; _builder_version=\u00a0\u00bb4.27.2&Prime; _module_preset=\u00a0\u00bbdefault\u00a0\u00bb global_colors_info=\u00a0\u00bb{}\u00a0\u00bb][et_pb_text _builder_version=\u00a0\u00bb4.27.4&Prime; _module_preset=\u00a0\u00bb1f09816e-184e-4ce5-a4cf-b39c52c423ca\u00a0\u00bb text_font=\u00a0\u00bb&#8211;et_global_body_font||||||||\u00a0\u00bb text_font_size=\u00a0\u00bb16px\u00a0\u00bb text_line_height=\u00a0\u00bb1.75em\u00a0\u00bb header_3_font=\u00a0\u00bb||||||||\u00a0\u00bb header_3_text_align=\u00a0\u00bbcenter\u00a0\u00bb header_3_font_size=\u00a0\u00bb20px\u00a0\u00bb header_3_line_height=\u00a0\u00bb1.5em\u00a0\u00bb text_font_size_tablet=\u00a0\u00bb15px\u00a0\u00bb text_font_size_phone=\u00a0\u00bb14px\u00a0\u00bb text_font_size_last_edited=\u00a0\u00bbon|phone\u00a0\u00bb header_font_size_tablet=\u00a0\u00bb55px\u00a0\u00bb header_font_size_last_edited=\u00a0\u00bboff|desktop\u00a0\u00bb global_colors_info=\u00a0\u00bb{}\u00a0\u00bb]<\/p>\n<div class=\"elementor-element elementor-element-ba8118b elementor-widget elementor-widget-text-editor\" data-id=\"ba8118b\" data-element_type=\"widget\" data-widget_type=\"text-editor.default\">\n<div class=\"elementor-widget-container\">\n<p data-start=\"317\" data-end=\"645\">Specialists in tailor-made and VIP private transport services, <strong data-start=\"381\" data-end=\"414\">Belle Provence Minibus Deluxe<\/strong> provides safe transport for your children in Marseille, in Provence and to all destinations, with no distance limit.<\/p>\n<p data-start=\"317\" data-end=\"645\">We offer you a service that takes great care of your children. A reliable service, adapted to the rhythm of each child, for a reassuring and serene journey in complete confidence and safety.<\/p>\n<p data-start=\"647\" data-end=\"859\">Whether you're joining mum, dad, grandparents or going on a school holiday, our team will look after your children with professionalism and care, in optimum safety conditions.<\/p>\n<\/div>\n<\/div>\n<div class=\"elementor-element elementor-element-199a685 animated-slow elementor-widget elementor-widget-text-editor animated rotateInDownRight\" data-id=\"199a685\" data-element_type=\"widget\" data-settings=\"{&quot;_animation&quot;:&quot;rotateInDownRight&quot;,&quot;_animation_delay&quot;:0}\" data-widget_type=\"text-editor.default\">\n<div class=\"elementor-widget-container\"><\/div>\n<\/div>\n<p>[\/et_pb_text][\/et_pb_column][\/et_pb_row][\/et_pb_section][et_pb_section fb_built=\u00a0\u00bb1&Prime; admin_label=\u00a0\u00bbCall to Action\u00a0\u00bb _builder_version=\u00a0\u00bb4.18.0&Prime; _module_preset=\u00a0\u00bbdefault\u00a0\u00bb locked=\u00a0\u00bboff\u00a0\u00bb collapsed=\u00a0\u00bbon\u00a0\u00bb global_colors_info=\u00a0\u00bb{}\u00a0\u00bb][et_pb_row column_structure=\u00a0\u00bb1_2,1_2&Prime; use_custom_gutter=\u00a0\u00bbon\u00a0\u00bb gutter_width=\u00a0\u00bb2&Prime; make_equal=\u00a0\u00bbon\u00a0\u00bb _builder_version=\u00a0\u00bb4.27.2&Prime; _module_preset=\u00a0\u00bbdefault\u00a0\u00bb hover_enabled=\u00a0\u00bb0&Prime; global_colors_info=\u00a0\u00bb{}\u00a0\u00bb sticky_enabled=\u00a0\u00bb0&Prime;][et_pb_column type=\u00a0\u00bb1_2&Prime; _builder_version=\u00a0\u00bb4.18.0&Prime; _module_preset=\u00a0\u00bbdefault\u00a0\u00bb custom_padding=\u00a0\u00bb8%||8%||true|false\u00a0\u00bb border_color_all=\u00a0\u00bbgcid-e010f2a6-5bcc-4cbf-902a-b2f60822625a\u00a0\u00bb border_width_top=\u00a0\u00bb2px\u00a0\u00bb border_width_bottom=\u00a0\u00bb2px\u00a0\u00bb global_colors_info=\u00a0\u00bb{%22gcid-e010f2a6-5bcc-4cbf-902a-b2f60822625a%22:%91%22border_color_all%22%93}\u00a0\u00bb][et_pb_text _builder_version=\u00a0\u00bb4.27.4&Prime; _module_preset=\u00a0\u00bbb327cbe4-b1d5-4b66-ad37-40c8f2f061ba\u00a0\u00bb ul_text_align=\u00a0\u00bbleft\u00a0\u00bb header_2_font=\u00a0\u00bb&#8211;et_global_heading_font||||||||\u00a0\u00bb header_2_text_color=\u00a0\u00bbgcid-e010f2a6-5bcc-4cbf-902a-b2f60822625a\u00a0\u00bb header_2_font_size=\u00a0\u00bb30px\u00a0\u00bb header_3_font_size=\u00a0\u00bb18px\u00a0\u00bb header_3_line_height=\u00a0\u00bb1.5em\u00a0\u00bb custom_padding=\u00a0\u00bb11px|||||\u00a0\u00bb hover_enabled=\u00a0\u00bb0&Prime; header_2_font_size_tablet=\u00a0\u00bb32px\u00a0\u00bb global_colors_info=\u00a0\u00bb{%22gcid-e010f2a6-5bcc-4cbf-902a-b2f60822625a%22:%91%22header_2_text_color%22%93}\u00a0\u00bb sticky_enabled=\u00a0\u00bb0&Prime;]<\/p>\n<h2 data-start=\"861\" data-end=\"939\">Drivers trained in early childhood to provide tailor-made support<\/h2>\n<p data-start=\"941\" data-end=\"1193\">Our drivers are specially trained to deal with young children and children travelling alone. Before each journey, we offer to meet your child to establish a relationship of trust and reassure the whole family.<\/p>\n<p data-start=\"1195\" data-end=\"1334\">We offer a personalised service and attentive support, with the option of an additional carer depending on your needs.<\/p>\n<p data-start=\"1195\" data-end=\"1334\">\n<p data-start=\"1195\" data-end=\"1334\">\n<p data-start=\"1195\" data-end=\"1334\">\n<p data-start=\"1195\" data-end=\"1334\">\n<h3 data-start=\"1336\" data-end=\"1372\">Our guarantees for your children:<\/h3>\n<ul data-start=\"1374\" data-end=\"1655\">\n<li data-start=\"1374\" data-end=\"1426\">\n<p data-start=\"1376\" data-end=\"1426\">Secure, stress-free door-to-door transport<\/p>\n<\/li>\n<li data-start=\"1427\" data-end=\"1489\">\n<p data-start=\"1429\" data-end=\"1489\">Vehicles fitted with child seats and booster cushions<\/p>\n<\/li>\n<li data-start=\"1490\" data-end=\"1560\">\n<p data-start=\"1492\" data-end=\"1560\">Safe driving, quiet music and bottled water available<\/p>\n<\/li>\n<li data-start=\"1561\" data-end=\"1588\">\n<p data-start=\"1563\" data-end=\"1588\">Unlimited baggage<\/p>\n<\/li>\n<li data-start=\"1589\" data-end=\"1655\">\n<p data-start=\"1591\" data-end=\"1655\">Serious, attentive care at every stage of the journey<\/p>\n<\/li>\n<li data-start=\"1589\" data-end=\"1655\">Your children are looked after with the utmost care,<\/li>\n<\/ul>\n<p>[\/et_pb_text][\/et_pb_column][et_pb_column type=\u00a0\u00bb1_2&Prime; _builder_version=\u00a0\u00bb4.27.2&Prime; _module_preset=\u00a0\u00bbdefault\u00a0\u00bb background_image=\u00a0\u00bbhttps:\/\/www.belleprovenceminibusdeluxe.com\/wp-content\/uploads\/2023\/02\/IMG_3171-1152&#215;153611-1-225&#215;300.jpg\u00a0\u00bb background_enable_video_mp4=\u00a0\u00bboff\u00a0\u00bb hover_enabled=\u00a0\u00bb0&Prime; global_colors_info=\u00a0\u00bb{}\u00a0\u00bb sticky_enabled=\u00a0\u00bb0&Prime;][et_pb_divider show_divider=\u00a0\u00bboff\u00a0\u00bb _builder_version=\u00a0\u00bb4.18.0&Prime; _module_preset=\u00a0\u00bbdefault\u00a0\u00bb height_tablet=\u00a0\u00bb40vw\u00a0\u00bb height_phone=\u00a0\u00bb40vw\u00a0\u00bb height_last_edited=\u00a0\u00bbon|desktop\u00a0\u00bb global_colors_info=\u00a0\u00bb{}\u00a0\u00bb][\/et_pb_divider][\/et_pb_column][\/et_pb_row][\/et_pb_section][et_pb_section fb_built=\u00a0\u00bb1&Prime; admin_label=\u00a0\u00bbCall to Action\u00a0\u00bb _builder_version=\u00a0\u00bb4.18.0&Prime; _module_preset=\u00a0\u00bbdefault\u00a0\u00bb locked=\u00a0\u00bboff\u00a0\u00bb collapsed=\u00a0\u00bbon\u00a0\u00bb global_colors_info=\u00a0\u00bb{}\u00a0\u00bb][et_pb_row use_custom_gutter=\u00a0\u00bbon\u00a0\u00bb gutter_width=\u00a0\u00bb2&Prime; make_equal=\u00a0\u00bbon\u00a0\u00bb module_id=\u00a0\u00bbbloc-2&Prime; _builder_version=\u00a0\u00bb4.27.4&Prime; _module_preset=\u00a0\u00bbdefault\u00a0\u00bb global_colors_info=\u00a0\u00bb{}\u00a0\u00bb][et_pb_column type=\u00a0\u00bb4_4&Prime; _builder_version=\u00a0\u00bb4.18.0&Prime; _module_preset=\u00a0\u00bbdefault\u00a0\u00bb custom_padding=\u00a0\u00bb8%||8%||true|false\u00a0\u00bb border_color_all=\u00a0\u00bbgcid-e010f2a6-5bcc-4cbf-902a-b2f60822625a\u00a0\u00bb border_width_top=\u00a0\u00bb2px\u00a0\u00bb border_width_bottom=\u00a0\u00bb2px\u00a0\u00bb global_colors_info=\u00a0\u00bb{%22gcid-e010f2a6-5bcc-4cbf-902a-b2f60822625a%22:%91%22border_color_all%22%93}\u00a0\u00bb][et_pb_text _builder_version=\u00a0\u00bb4.27.4&Prime; _module_preset=\u00a0\u00bb1f09816e-184e-4ce5-a4cf-b39c52c423ca\u00a0\u00bb text_font=\u00a0\u00bbPoppins||||||||\u00a0\u00bb text_line_height=\u00a0\u00bb1.75em\u00a0\u00bb ul_text_align=\u00a0\u00bbleft\u00a0\u00bb text_font_size_tablet=\u00a0\u00bb15px\u00a0\u00bb text_font_size_phone=\u00a0\u00bb14px\u00a0\u00bb text_font_size_last_edited=\u00a0\u00bbon|phone\u00a0\u00bb header_font_size_tablet=\u00a0\u00bb55px\u00a0\u00bb header_font_size_last_edited=\u00a0\u00bboff|desktop\u00a0\u00bb global_colors_info=\u00a0\u00bb{}\u00a0\u00bb]<\/p>\n<h2 data-pm-slice=\"1 1 []\"><span>Ready to travel with peace of mind?<\/span><\/h2>\n<p>Rely on <strong data-start=\"1676\" data-end=\"1709\">Belle Provence Minibus Deluxe<\/strong> for quality, professional, worry-free transport that puts your children's safety and comfort at the heart of its priorities to reassure parents and children alike.<\/p>\n<p>[\/et_pb_text][et_pb_button button_url=\u00a0\u00bb@ET-DC@eyJkeW5hbWljIjp0cnVlLCJjb250ZW50IjoicG9zdF9saW5rX3VybF9wYWdlIiwic2V0dGluZ3MiOnsicG9zdF9pZCI6IjEzOTgxIn19@\u00a0\u00bb button_text=\u00a0\u00bbR\u00e9servez votre chauffeur VTC priv\u00e9\u00a0\u00bb button_alignment=\u00a0\u00bbcenter\u00a0\u00bb _builder_version=\u00a0\u00bb4.27.4&Prime; _dynamic_attributes=\u00a0\u00bbbutton_url\u00a0\u00bb _module_preset=\u00a0\u00bbdb46e67d-9505-40bb-9ebd-8901bc8b3a95&Prime; custom_button=\u00a0\u00bbon\u00a0\u00bb button_text_color=\u00a0\u00bb#26364e\u00a0\u00bb button_bg_color=\u00a0\u00bbRGBA(255,255,255,0)\u00a0\u00bb button_border_width=\u00a0\u00bb0px\u00a0\u00bb button_border_radius=\u00a0\u00bb0px\u00a0\u00bb button_font=\u00a0\u00bbPoppins|500|||||||\u00a0\u00bb custom_padding=\u00a0\u00bb|0px||0px|false|true\u00a0\u00bb button_text_size_tablet=\u00a0\u00bb18px\u00a0\u00bb button_text_size_phone=\u00a0\u00bb16px\u00a0\u00bb button_text_size_last_edited=\u00a0\u00bbon|phone\u00a0\u00bb box_shadow_style=\u00a0\u00bbpreset4&Prime; box_shadow_horizontal=\u00a0\u00bb0px\u00a0\u00bb box_shadow_vertical=\u00a0\u00bb2px\u00a0\u00bb box_shadow_color=\u00a0\u00bb#26364e\u00a0\u00bb locked=\u00a0\u00bboff\u00a0\u00bb global_colors_info=\u00a0\u00bb{}\u00a0\u00bb][\/et_pb_button][\/et_pb_column][\/et_pb_row][\/et_pb_section]<\/p>","protected":false},"excerpt":{"rendered":"<p>Chauffeur priv\u00e9 pour enfants voyageant seuls \u00e0 Marseille et en Provence vos enfants voyagent avec nous, en toute confiance et s\u00e9curit\u00e9 Sp\u00e9cialistes des services sur mesure et VIP de transport priv\u00e9, Belle Provence Minibus Deluxe assure le transport s\u00e9curis\u00e9 de vos enfants \u00e0 Marseille, en Provence et vers toutes destinations, sans limite de distance. Nous [&hellip;]<\/p>","protected":false},"author":1,"featured_media":6921,"parent":0,"menu_order":0,"comment_status":"closed","ping_status":"closed","template":"","meta":{"_seopress_robots_primary_cat":"","_seopress_titles_title":"Chauffeur priv\u00e9 enfants voyageant seuls transport s\u00e9curis\u00e9","_seopress_titles_desc":"Confiez le transport de vos enfants voyageant seuls \u00e0 nos chauffeurs form\u00e9s \u00e0 la petite enfance. Service s\u00e9curis\u00e9, personnalis\u00e9 et fiable \u00e0 Marseille.","_seopress_robots_index":"","_et_pb_use_builder":"on","_et_pb_old_content":"<h3> Faire voyager vos enfants sans vous en toute s\u00e9curit\u00e9 <\/h3>\t\t\n\t\t\t<h1>Enfants Voyageant Seuls<\/h1>\t\t\n\t\t\t<h6>A votre disposition avec plaisir !<\/h6>\t\t\n\t\t\t<h3>+33(0) 491 337 409 <\/h3>\t\t\n\t\t\t<h5>Sp\u00e9cialistes des services sur mesure  et VIP de Transport de personnes avec Chauffeur Priv\u00e9, <br>  \n\u00e0 Marseille & en Provence, vers toutes les destinations<\/h5>\t\t\n\t\t\t<h2>Transport de votre (vos) enfant(s) avec un chauffeur particulier <br>sans limite de distance, dans des conditions fiables & s\u00e9curis\u00e9es,  b\u00e9n\u00e9ficiant de l'accompagnement d'un professionnel de la petite enfance<\/h2>\t\t\n\t\t\t<h2><a href=\"#alapetiteenfance\">Des chauffeurs form\u00e9s \u00e0 la Petite enfance <\/a><\/h2>\t\t\n\t\t\t<h2>\nRencontre avec votre ou vos enfant(s) avant le voyage<\/h2>\t\t\n\t\t\t<h2>Un nouveau  service de transport adapt\u00e9 \u00e0 vos enfants voyageant seuls<\/h2>\t\t\n\t\t<p style=\"text-align: center;\"><strong>Nous transportons vos enfants seuls\u00a0 jusqu'\u00e0 leur\u00a0 destination<\/strong>\u00a0 \u00a0<\/p><p style=\"text-align: center;\">en toute confiance.<\/p><p style=\"text-align: center;\">Pour vos enfants, Grands et Petits, devant\u00a0 \u00a0voyager pour rejoindre\u00a0 leur Papa, leur Maman, leurs Grands-Parents, durant les vacances\u00a0 scolaires,\u00a0 \u00a0de f\u00e9vrier,\u00a0 de P\u00e2ques, l'\u00e9t\u00e9, et\u00a0 les Week-end\u00a0<\/p><p style=\"text-align: center;\"><strong>Service de transport fiable, <\/strong><\/p><p style=\"text-align: center;\">adapt\u00e9 au rythme de votre enfant, pour \"Enfants voyageant seuls\"<strong>, <\/strong>avec des chauffeurs s\u00e9lectionn\u00e9s sachant s'occuper d'enfants et un accompagnant suppl\u00e9mentaire si vous le souhaitez<\/p>\t\t\n\t\t<p style=\"text-align: center;\"><strong>Aucune limite de distance.&nbsp;<\/strong><\/p>\n<p>Faites voyager vos enfants sans vous&nbsp; en toute confiance. <br><\/p>\n<p>Des chauffeurs&nbsp; ayant une formation \u00e0 la petite enfance et&nbsp; exp\u00e9riment\u00e9.<\/p>\n<p>Nous vous proposons de vous rencontrer avec votre enfants avant le voyage<\/p><p style=\"text-align: center;\"><b>Optez pour un transport de porte \u00e0 porte<\/b>\u00a0<\/p><p>\u00a0personnalis\u00e9 et adapt\u00e9 \u00e0 vos besoins et en toute confiance<\/p><p style=\"text-align: center;\"><strong>Conduite s\u00e9curitaire,<\/strong><\/p><p style=\"text-align: center;\">si\u00e8ge enfant,\u00a0 et rehausseurs, musique, bouteilles d'eau<\/p><p style=\"text-align: center;\"><strong>Bagages non limit\u00e9<\/strong><\/p>\t\t\n\t\t\t\t\t\t\t\t\t\t<figure>\n\t\t\t\t\t\t\t\t\t\t<img width=\"1920\" height=\"2560\" src=\"https:\/\/www.belleprovenceminibusdeluxe.com\/wp-content\/uploads\/2021\/11\/IMG_3171-scaled.jpg\" alt=\"Devant l&#039;hotel Dolce Fregate Chauffeur Priv\u00e9 et mini van de luxe en Provence pour d\u00e9placement d&#039;&#039;Affaires\" srcset=\"https:\/\/www.belleprovenceminibusdeluxe.com\/wp-content\/uploads\/2021\/11\/IMG_3171-scaled.jpg 1920w, https:\/\/www.belleprovenceminibusdeluxe.com\/wp-content\/uploads\/2021\/11\/IMG_3171-225x300.jpg 225w, https:\/\/www.belleprovenceminibusdeluxe.com\/wp-content\/uploads\/2021\/11\/IMG_3171-768x1024.jpg 768w, https:\/\/www.belleprovenceminibusdeluxe.com\/wp-content\/uploads\/2021\/11\/IMG_3171-1152x1536.jpg 1152w, https:\/\/www.belleprovenceminibusdeluxe.com\/wp-content\/uploads\/2021\/11\/IMG_3171-1536x2048.jpg 1536w\" sizes=\"(max-width: 1920px) 100vw, 1920px\" \/>\t\t\t\t\t\t\t\t\t\t\t<figcaption>Devant l'hotel Dolce Fregate Chauffeur Priv\u00e9 et mini van de luxe en Provence<\/figcaption>\n\t\t\t\t\t\t\t\t\t\t<\/figure>\n\t\t\t<a href=\"https:\/\/www.belleprovenceminibusdeluxe.com\/contact-reservation\/\">\n\t\t\t\t\t\tInterrogez-nous\n\t\t\t\t\t<\/a>\n\t\t\t<a href=\"https:\/\/www.belleprovenceminibusdeluxe.com\/contact-reservation\/\">\n\t\t\t\t\t<\/a>\n\t\t\t<h3>Label Pr\u00e9f\u00e9rence Provence\n<\/h3>\t\t\n\t\t\t\t\t\t\t\t\t\t\t\t\t<img width=\"593\" height=\"593\" src=\"https:\/\/www.belleprovenceminibusdeluxe.com\/wp-content\/uploads\/2021\/06\/Logo_Preference_Provence.png\" alt=\"\" srcset=\"https:\/\/www.belleprovenceminibusdeluxe.com\/wp-content\/uploads\/2021\/06\/Logo_Preference_Provence.png 593w, https:\/\/www.belleprovenceminibusdeluxe.com\/wp-content\/uploads\/2021\/06\/Logo_Preference_Provence-300x300.png 300w, https:\/\/www.belleprovenceminibusdeluxe.com\/wp-content\/uploads\/2021\/06\/Logo_Preference_Provence-150x150.png 150w, https:\/\/www.belleprovenceminibusdeluxe.com\/wp-content\/uploads\/2021\/06\/Logo_Preference_Provence-100x100.png 100w\" sizes=\"(max-width: 593px) 100vw, 593px\" \/>\t\t\t\t\t\t\t\t\t\t\t\t\t\n\t\t<h6 style=\"text-align: center;\">Belle Provence Minibus Deluxe est tr\u00e8s fi\u00e8re de se voir d\u00e9cerner le label \"Pr\u00e9f\u00e9rence Provence\" d\u00e9livr\u00e9 par Provence Tourisme.<\/h6><h6 style=\"text-align: center;\">Il confirme notre place d'expert du Territoire Proven\u00e7al dans nos services de transport avec chauffeur priv\u00e9, Transferts de porte \u00e0 porte avec accueil personnalis\u00e9,\u00a0 mises \u00e0 disposition, en toute s\u00e9curit\u00e9\u00a0 et discr\u00e9tion. Mais aussi pour la qualit\u00e9 de nos excursions et s\u00e9jours Gastronomie, nature culture et traditions, avec guide-chauffeur et guide-conf\u00e9rencier vous plongent dans la Provence authentique, bien s\u00fbr en toute\u00a0 convivialit\u00e9\u00a0 !<\/h6><p style=\"text-align: center;\"><em>Il vous manque des informations sur notre nouveau site internet ? N'h\u00e9sitez pas \u00e0 revenir vers nous et \u00e0 nous en faire part.<\/em>\u00a0<\/p>","_et_gb_content_width":"","footnotes":""},"class_list":["post-13131","page","type-page","status-publish","has-post-thumbnail","hentry"],"_links":{"self":[{"href":"https:\/\/www.belleprovenceminibusdeluxe.com\/en\/wp-json\/wp\/v2\/pages\/13131","targetHints":{"allow":["GET"]}}],"collection":[{"href":"https:\/\/www.belleprovenceminibusdeluxe.com\/en\/wp-json\/wp\/v2\/pages"}],"about":[{"href":"https:\/\/www.belleprovenceminibusdeluxe.com\/en\/wp-json\/wp\/v2\/types\/page"}],"author":[{"embeddable":true,"href":"https:\/\/www.belleprovenceminibusdeluxe.com\/en\/wp-json\/wp\/v2\/users\/1"}],"replies":[{"embeddable":true,"href":"https:\/\/www.belleprovenceminibusdeluxe.com\/en\/wp-json\/wp\/v2\/comments?post=13131"}],"version-history":[{"count":1,"href":"https:\/\/www.belleprovenceminibusdeluxe.com\/en\/wp-json\/wp\/v2\/pages\/13131\/revisions"}],"predecessor-version":[{"id":25187,"href":"https:\/\/www.belleprovenceminibusdeluxe.com\/en\/wp-json\/wp\/v2\/pages\/13131\/revisions\/25187"}],"wp:featuredmedia":[{"embeddable":true,"href":"https:\/\/www.belleprovenceminibusdeluxe.com\/en\/wp-json\/wp\/v2\/media\/6921"}],"wp:attachment":[{"href":"https:\/\/www.belleprovenceminibusdeluxe.com\/en\/wp-json\/wp\/v2\/media?parent=13131"}],"curies":[{"name":"wp","href":"https:\/\/api.w.org\/{rel}","templated":true}]}}